{"id":54,"date":"2020-11-06T08:33:22","date_gmt":"2020-11-06T08:33:22","guid":{"rendered":"https:\/\/mm-technicsolutions.de\/?page_id=54"},"modified":"2021-02-26T17:41:42","modified_gmt":"2021-02-26T17:41:42","slug":"home","status":"publish","type":"page","link":"https:\/\/mm-technicsolutions.de\/","title":{"rendered":"Home"},"content":{"rendered":"\n<div id=\"section-g7d9ddf\" class=\"wp-block-gutentor-e6 section-g7d9ddf gutentor-element gutentor-element-image  d-none d-sm-block d-lg-block gutentor-enabled-width text-align-center-desktop text-align-center-mobile\"><div class=\"gutentor-element-image-box\"><div class=\"gutentor-bg-image\"><div class=\"overlay\"><\/div><\/div><\/div><\/div>\n\n\n\n<div id=\"section-gd52152\" class=\"wp-block-gutentor-e6 section-gd52152 gutentor-element gutentor-element-image d-lg-none d-md-none\"><div class=\"gutentor-element-image-box\"><div class=\"gutentor-bg-image\"><\/div><\/div><\/div>\n\n\n\n<div style=\"height:30px\" aria-hidden=\"true\" class=\"wp-block-spacer\"><\/div>\n\n\n\n<div id=\"section-ge93542\" class=\"wp-block-gutentor-e0 section-ge93542 gutentor-element gutentor-element-advanced-text text-align-center-desktop text-align-center-mobile\"><div class=\"gutentor-text-wrap\"><h1 class=\"gutentor-text\">Services<\/h1><\/div><\/div>\n\n\n\n<div class=\"wp-block-columns\">\n<div class=\"wp-block-column\">\n<div id=\"section-g23b649\" class=\"wp-block-gutentor-e5 section-g23b649 gutentor-element gutentor-element-icon gutentor-icon-circle-bg gutentor-enabled-width text-align-center-desktop text-align-center-tablet text-align-center-mobile\"><div class=\"gutentor-element-icon-box\"><i class=\"fas fa-gavel\"><\/i><\/div><\/div>\n\n\n\n<div class=\"wp-block-group\"><div class=\"wp-block-group__inner-container\">\n<div id=\"section-ged2ca9\" class=\"wp-block-gutentor-e0 section-ged2ca9 gutentor-element gutentor-element-advanced-text text-align-center-desktop text-align-center-tablet text-align-center-mobile\"><div class=\"gutentor-text-wrap\"><h3 class=\"gutentor-text\">Umbau I Sanierung<br><strong> <\/strong><\/h3><\/div><\/div>\n\n\n\n<div id=\"section-gb96df1\" class=\"wp-block-gutentor-e0 section-gb96df1 gutentor-element gutentor-element-advanced-text text-align-center-desktop text-align-center-tablet text-align-center-mobile\"><div class=\"gutentor-text-wrap\"><p class=\"gutentor-text\">&#8211; Ladengesch\u00e4fte<br>&#8211; Wohnungen<br>&#8211; H\u00e4user<br>&#8211; B\u00fcros<\/p><\/div><\/div>\n<\/div><\/div>\n<\/div>\n\n\n\n<div class=\"wp-block-column\">\n<div id=\"section-g6b7a54\" class=\"wp-block-gutentor-e5 section-g6b7a54 gutentor-element gutentor-element-icon gutentor-icon-circle-bg gutentor-enabled-width text-align-center-desktop text-align-center-tablet text-align-center-mobile\"><div class=\"gutentor-element-icon-box\"><i class=\"fas fa-warehouse\"><\/i><\/div><\/div>\n\n\n\n<div id=\"section-g117b65\" class=\"wp-block-gutentor-e0 section-g117b65 gutentor-element gutentor-element-advanced-text text-align-center-desktop text-align-center-tablet text-align-center-mobile\"><div class=\"gutentor-text-wrap\"><h3 class=\"gutentor-text\">Neubau<\/h3><\/div><\/div>\n\n\n\n<div id=\"section-g143138\" class=\"wp-block-gutentor-e0 section-g143138 gutentor-element gutentor-element-advanced-text text-align-center-desktop text-align-center-tablet text-align-center-mobile\"><div class=\"gutentor-text-wrap\"><p class=\"gutentor-text\">&#8211; Kundenspezifische Planung<br>&#8211; Erstellung von CAD Pl\u00e4nen<br>&#8211; Installation<br>&#8211; Betriebsfertige \u00dcbergabe<\/p><\/div><\/div>\n<\/div>\n\n\n\n<div class=\"wp-block-column\">\n<div id=\"section-gde05e4\" class=\"wp-block-gutentor-e5 section-gde05e4 gutentor-element gutentor-element-icon gutentor-icon-circle-bg gutentor-enabled-width text-align-center-desktop text-align-center-tablet text-align-center-mobile\"><div class=\"gutentor-element-icon-box\"><i class=\"fas fa-wrench\"><\/i><\/div><\/div>\n\n\n\n<div id=\"section-g312b1b\" class=\"wp-block-gutentor-e0 section-g312b1b gutentor-element gutentor-element-advanced-text text-align-center-desktop text-align-center-tablet text-align-center-mobile\"><div class=\"gutentor-text-wrap\"><h3 class=\"gutentor-text\">Instandhaltung<\/h3><\/div><\/div>\n\n\n\n<div id=\"section-g4c12b9\" class=\"wp-block-gutentor-e0 section-g4c12b9 gutentor-element gutentor-element-advanced-text text-align-center-desktop text-align-center-tablet text-align-center-mobile\"><div class=\"gutentor-text-wrap\"><p class=\"gutentor-text\">&#8211; \u00dcberpr\u00fcfung von elektrischen Anlagen<br>DIN VDE 0100-600 \/ 0105-100<br>&#8211; BGV A3 \/ DGUV V3 Pr\u00fcfungen<br><br><\/p><\/div><\/div>\n<\/div>\n<\/div>\n\n\n\n<section id=\"section-3dc53bd5-9a7f-4b50-9f28-4b8bf113a649\" class=\"wp-block-gutentor-divider section-3dc53bd5-9a7f-4b50-9f28-4b8bf113a649 gutentor-element gutentor-section gutentor-divider text-center  d-md-none d-lg-block d-none\"><div class=\"grid-container\"><div class=\"gutentor-divider-box\"><span><svg xmlns=\"http:\/\/www.w3.org\/2000\/svg\" viewBox=\"0 0 240 40\" preserveAspectRatio=\"none\"><path d=\"M56.2 20c5.3-.1 10.6-.2 16-.3l16-.2c10.6-.1 21.3-.1 31.9-.2 10.6.1 21.3 0 31.9.1l16 .2c5.3.1 10.6.2 16 .3-5.3.1-10.6.2-16 .3l-16 .2c-10.6.1-21.3.1-31.9.1-10.6-.1-21.3 0-31.9-.2l-16-.2c-5.4.1-10.7 0-16-.1z\"><\/path><\/svg><\/span><\/div><\/div><\/section>\n\n\n\n<div class=\"wp-block-columns\">\n<div class=\"wp-block-column\">\n<div id=\"section-g105cef\" class=\"wp-block-gutentor-e5 section-g105cef gutentor-element gutentor-element-icon gutentor-icon-circle-bg gutentor-enabled-width text-align-center-desktop text-align-center-tablet text-align-center-mobile\"><div class=\"gutentor-element-icon-box\"><i class=\"fas fa-car\"><\/i><\/div><\/div>\n\n\n\n<div id=\"section-g815813\" class=\"wp-block-gutentor-e0 section-g815813 gutentor-element gutentor-element-advanced-text text-align-center-desktop text-align-center-tablet text-align-center-mobile\"><div class=\"gutentor-text-wrap\"><h3 class=\"gutentor-text\">E Mobilit\u00e4t<\/h3><\/div><\/div>\n\n\n\n<div id=\"section-g466bf4\" class=\"wp-block-gutentor-e0 section-g466bf4 gutentor-element gutentor-element-advanced-text text-align-center-desktop text-align-center-tablet text-align-center-mobile\"><div class=\"gutentor-text-wrap\"><p class=\"gutentor-text\">&#8211; Ladestationen<br>&#8211; Ladeinfrastruktur<br>&#8211; Lastmanagement<\/p><\/div><\/div>\n<\/div>\n\n\n\n<div class=\"wp-block-column\">\n<div id=\"section-g8267d2\" class=\"wp-block-gutentor-e5 section-g8267d2 gutentor-element gutentor-element-icon gutentor-icon-circle-bg gutentor-enabled-width text-align-center-desktop text-align-center-tablet text-align-center-mobile\"><div class=\"gutentor-element-icon-box\"><i class=\"far fa-lightbulb\"><\/i><\/div><\/div>\n\n\n\n<div id=\"section-g694914\" class=\"wp-block-gutentor-e0 section-g694914 gutentor-element gutentor-element-advanced-text text-align-center-desktop text-align-center-tablet text-align-center-mobile\"><div class=\"gutentor-text-wrap\"><h3 class=\"gutentor-text\">Smart Home<\/h3><\/div><\/div>\n\n\n\n<div id=\"section-gf2aaa8\" class=\"wp-block-gutentor-e0 section-gf2aaa8 gutentor-element gutentor-element-advanced-text text-align-center-desktop text-align-center-tablet text-align-center-mobile\"><div class=\"gutentor-text-wrap\"><p class=\"gutentor-text\">&#8211; Homematic<br>&#8211; Free Home<br>&#8211; LUXORliving<\/p><\/div><\/div>\n<\/div>\n\n\n\n<div class=\"wp-block-column\">\n<div id=\"section-g7bfdc7\" class=\"wp-block-gutentor-e5 section-g7bfdc7 gutentor-element gutentor-element-icon gutentor-icon-circle-bg gutentor-enabled-width text-align-center-desktop text-align-center-tablet text-align-center-mobile\"><div class=\"gutentor-element-icon-box\"><i class=\"fas fa-building\"><\/i><\/div><\/div>\n\n\n\n<div id=\"section-g235df5\" class=\"wp-block-gutentor-e0 section-g235df5 gutentor-element gutentor-element-advanced-text text-align-center-desktop text-align-center-tablet text-align-center-mobile\"><div class=\"gutentor-text-wrap\"><h3 class=\"gutentor-text\">KNX- System Geb\u00e4udetechnik<\/h3><\/div><\/div>\n\n\n\n<div id=\"section-ge40462\" class=\"wp-block-gutentor-e0 section-ge40462 gutentor-element gutentor-element-advanced-text text-align-center-desktop text-align-center-tablet text-align-center-mobile\"><div class=\"gutentor-text-wrap\"><p class=\"gutentor-text\">&#8211; Komfort<br>&#8211; Sicherheit<br>&#8211; Entertainment<\/p><\/div><\/div>\n<\/div>\n<\/div>\n\n\n\n<div style=\"height:50px\" aria-hidden=\"true\" class=\"wp-block-spacer\"><\/div>\n\n\n\n<section id=\"section-c7f75b3f-f935-486a-a6cd-8fca61247c9e\" class=\"wp-block-gutentor-image-slider gutentor-section gutentor-image-slider imageSlider-template1\"><div class=\"gutentor-block-header\"><div class=\"gutentor-section-title enable-title-design seperator-bottom text-center\"><h2 class=\"gutentor-title\"><\/h2><\/div><\/div><div class=\"gutentor-grid-item-wrap\"><div class=\"gutentor-slider-wrapper\" data-dots=\"true\" data-dots-tablet=\"false\" data-dots-mobile=\"false\" data-arrows=\"true\" data-arrows-tablet=\"false\" data-arrows-mobile=\"false\" data-infinite=\"false\" data-nextarrow=\"fas fa-angle-right\" data-prevarrow=\"fas fa-angle-left\" data-autoplay=\"true\" data-autoplayspeed=\"2000\" data-fade=\"false\" data-speed=\"500\"><div class=\"gutentor-slider-item\"><div class=\"gutentor-single-item gutentor-single-item-0\"><div class=\"gutentor-single-item-wrap\"><div class=\"gutentor-single-item-image-box\"><div class=\"gutentor-image-thumb\"><img class=\"normal-image\" src=\"https:\/\/mm-technicsolutions.de\/wp-content\/uploads\/2020\/12\/shutterstock_1059044015-e1607365059388.jpg\" alt=\"\"\/><\/div><\/div><\/div><\/div><\/div><div class=\"gutentor-slider-item\"><div class=\"gutentor-single-item gutentor-single-item-1\"><div class=\"gutentor-single-item-wrap\"><div class=\"gutentor-single-item-image-box\"><div class=\"gutentor-image-thumb\"><img class=\"normal-image\" src=\"https:\/\/mm-technicsolutions.de\/wp-content\/uploads\/2020\/12\/shutterstock_720473599-e1607365204857.jpg\" alt=\"\"\/><\/div><\/div><\/div><\/div><\/div><div class=\"gutentor-slider-item\"><div class=\"gutentor-single-item gutentor-single-item-2\"><div class=\"gutentor-single-item-wrap\"><div class=\"gutentor-single-item-image-box\"><div class=\"gutentor-image-thumb\"><img class=\"normal-image\" src=\"https:\/\/mm-technicsolutions.de\/wp-content\/uploads\/2020\/12\/shutterstock_675268054-e1607365030343.jpg\" alt=\"\"\/><\/div><\/div><\/div><\/div><\/div><div class=\"gutentor-slider-item\"><div class=\"gutentor-single-item gutentor-single-item-3\"><div class=\"gutentor-single-item-wrap\"><div class=\"gutentor-single-item-image-box\"><div class=\"gutentor-image-thumb\"><img class=\"normal-image\" src=\"https:\/\/mm-technicsolutions.de\/wp-content\/uploads\/2020\/12\/shutterstock_648295141_klein-e1607365245160.jpg\" alt=\"\"\/><\/div><\/div><\/div><\/div><\/div><div class=\"gutentor-slider-item\"><div class=\"gutentor-single-item gutentor-single-item-4\"><div class=\"gutentor-single-item-wrap\"><div class=\"gutentor-single-item-image-box\"><div class=\"gutentor-image-thumb\"><img class=\"normal-image\" src=\"https:\/\/mm-technicsolutions.de\/wp-content\/uploads\/2020\/12\/shutterstock_314325713_klein-e1607365298365.jpg\" alt=\"\"\/><\/div><\/div><\/div><\/div><\/div><div class=\"gutentor-slider-item\"><div class=\"gutentor-single-item gutentor-single-item-5\"><div class=\"gutentor-single-item-wrap\"><div class=\"gutentor-single-item-image-box\"><div class=\"gutentor-image-thumb\"><img class=\"normal-image\" src=\"https:\/\/mm-technicsolutions.de\/wp-content\/uploads\/2020\/12\/shutterstock_1187750428-e1607365115240.jpg\" alt=\"\"\/><\/div><\/div><\/div><\/div><\/div><div class=\"gutentor-slider-item\"><div class=\"gutentor-single-item gutentor-single-item-6\"><div class=\"gutentor-single-item-wrap\"><div class=\"gutentor-single-item-image-box\"><div class=\"gutentor-image-thumb\"><img class=\"normal-image\" src=\"https:\/\/mm-technicsolutions.de\/wp-content\/uploads\/2020\/12\/shutterstock_1499946674-e1607365156939.jpg\" alt=\"\"\/><\/div><\/div><\/div><\/div><\/div><\/div><\/div><\/section>\n\n\n\n<div style=\"height:50px\" aria-hidden=\"true\" class=\"wp-block-spacer\"><\/div>\n\n\n\n<div id=\"section-g8958ca\" class=\"wp-block-gutentor-e0 section-g8958ca gutentor-element gutentor-element-advanced-text text-align-center-desktop\"><div class=\"gutentor-text-wrap\"><h3 class=\"gutentor-text\">Nehmen Sie mit uns Kontakt auf<\/h3><\/div><\/div>\n\n\n<div class=\"wpforms-container wpforms-container-full\" id=\"wpforms-229\"><form id=\"wpforms-form-229\" class=\"wpforms-validate wpforms-form\" data-formid=\"229\" method=\"post\" enctype=\"multipart\/form-data\" action=\"\/index.php?rest_route=%2Fwp%2Fv2%2Fpages%2F54\" data-token=\"b3f92c3efab837ebe89880c0f5a1616c\"><noscript class=\"wpforms-error-noscript\">Bitte aktiviere JavaScript in deinem Browser, um dieses Formular fertigzustellen.<\/noscript><div class=\"wpforms-field-container\"><div id=\"wpforms-229-field_0-container\" class=\"wpforms-field wpforms-field-name\" data-field-id=\"0\"><label class=\"wpforms-field-label\" for=\"wpforms-229-field_0\">Name <span class=\"wpforms-required-label\">*<\/span><\/label><div class=\"wpforms-field-row wpforms-field-medium\"><div class=\"wpforms-field-row-block wpforms-first wpforms-one-half\"><input type=\"text\" id=\"wpforms-229-field_0\" class=\"wpforms-field-name-first wpforms-field-required\" name=\"wpforms[fields][0][first]\" required><label for=\"wpforms-229-field_0\" class=\"wpforms-field-sublabel after \">Vorname<\/label><\/div><div class=\"wpforms-field-row-block wpforms-one-half\"><input type=\"text\" id=\"wpforms-229-field_0-last\" class=\"wpforms-field-name-last wpforms-field-required\" name=\"wpforms[fields][0][last]\" required><label for=\"wpforms-229-field_0-last\" class=\"wpforms-field-sublabel after \">Nachname<\/label><\/div><\/div><\/div><div id=\"wpforms-229-field_1-container\" class=\"wpforms-field wpforms-field-email\" data-field-id=\"1\"><label class=\"wpforms-field-label\" for=\"wpforms-229-field_1\">E-Mail <span class=\"wpforms-required-label\">*<\/span><\/label><input type=\"email\" id=\"wpforms-229-field_1\" class=\"wpforms-field-medium wpforms-field-required\" name=\"wpforms[fields][1]\" required><\/div><div id=\"wpforms-229-field_2-container\" class=\"wpforms-field wpforms-field-textarea\" data-field-id=\"2\"><label class=\"wpforms-field-label\" for=\"wpforms-229-field_2\">Kommentar oder Nachricht <span class=\"wpforms-required-label\">*<\/span><\/label><textarea id=\"wpforms-229-field_2\" class=\"wpforms-field-medium wpforms-field-required\" name=\"wpforms[fields][2]\" required><\/textarea><\/div><\/div><div class=\"wpforms-submit-container\" ><input type=\"hidden\" name=\"wpforms[id]\" value=\"229\"><input type=\"hidden\" name=\"wpforms[author]\" value=\"1\"><button type=\"submit\" name=\"wpforms[submit]\" class=\"wpforms-submit \" id=\"wpforms-submit-229\" value=\"wpforms-submit\" aria-live=\"assertive\" data-alt-text=\"Senden...\" data-submit-text=\"Absenden\">Absenden<\/button><\/div><\/form><\/div>  <!-- .wpforms-container -->","protected":false},"excerpt":{"rendered":"","protected":false},"author":1,"featured_media":0,"parent":0,"menu_order":1,"comment_status":"closed","ping_status":"closed","template":"","meta":[],"yoast_head":"<!-- This site is optimized with the Yoast SEO plugin v15.8 - https:\/\/yoast.com\/wordpress\/plugins\/seo\/ -->\n<title>Home - MM Technic Solutions<\/title>\n<meta name=\"robots\" content=\"index, follow, max-snippet:-1, max-image-preview:large, max-video-preview:-1\" \/>\n<link rel=\"canonical\" href=\"https:\/\/mm-technicsolutions.de\/\" \/>\n<meta property=\"og:locale\" content=\"de_DE\" \/>\n<meta property=\"og:type\" content=\"article\" \/>\n<meta property=\"og:title\" content=\"Home - MM Technic Solutions\" \/>\n<meta property=\"og:url\" content=\"https:\/\/mm-technicsolutions.de\/\" \/>\n<meta property=\"og:site_name\" content=\"MM Technic Solutions\" \/>\n<meta property=\"article:modified_time\" content=\"2021-02-26T17:41:42+00:00\" \/>\n<meta property=\"og:image\" content=\"https:\/\/mm-technicsolutions.de\/wp-content\/uploads\/2020\/12\/shutterstock_1059044015-e1607365059388.jpg\" \/>\n<meta name=\"twitter:card\" content=\"summary_large_image\" \/>\n<meta name=\"twitter:label1\" content=\"Gesch\u00e4tzte Lesezeit\">\n\t<meta name=\"twitter:data1\" content=\"2 Minuten\">\n<script type=\"application\/ld+json\" class=\"yoast-schema-graph\">{\"@context\":\"https:\/\/schema.org\",\"@graph\":[{\"@type\":\"Organization\",\"@id\":\"https:\/\/mm-technicsolutions.de\/#organization\",\"name\":\"MM Technic Solutions\",\"url\":\"https:\/\/mm-technicsolutions.de\/\",\"sameAs\":[],\"logo\":{\"@type\":\"ImageObject\",\"@id\":\"https:\/\/mm-technicsolutions.de\/#logo\",\"inLanguage\":\"de-DE\",\"url\":\"https:\/\/mm-technicsolutions.de\/wp-content\/uploads\/2020\/11\/MM-technic-solution-scaled.jpg\",\"width\":2560,\"height\":1730,\"caption\":\"MM Technic Solutions\"},\"image\":{\"@id\":\"https:\/\/mm-technicsolutions.de\/#logo\"}},{\"@type\":\"WebSite\",\"@id\":\"https:\/\/mm-technicsolutions.de\/#website\",\"url\":\"https:\/\/mm-technicsolutions.de\/\",\"name\":\"MM Technic Solutions\",\"description\":\"Beratung I Planung I Ausf\\u00fchrung\",\"publisher\":{\"@id\":\"https:\/\/mm-technicsolutions.de\/#organization\"},\"potentialAction\":[{\"@type\":\"SearchAction\",\"target\":\"https:\/\/mm-technicsolutions.de\/?s={search_term_string}\",\"query-input\":\"required name=search_term_string\"}],\"inLanguage\":\"de-DE\"},{\"@type\":\"ImageObject\",\"@id\":\"https:\/\/mm-technicsolutions.de\/#primaryimage\",\"inLanguage\":\"de-DE\",\"url\":\"https:\/\/mm-technicsolutions.de\/wp-content\/uploads\/2020\/12\/shutterstock_1059044015-e1607365059388.jpg\",\"width\":1215,\"height\":683},{\"@type\":\"WebPage\",\"@id\":\"https:\/\/mm-technicsolutions.de\/#webpage\",\"url\":\"https:\/\/mm-technicsolutions.de\/\",\"name\":\"Home - MM Technic Solutions\",\"isPartOf\":{\"@id\":\"https:\/\/mm-technicsolutions.de\/#website\"},\"primaryImageOfPage\":{\"@id\":\"https:\/\/mm-technicsolutions.de\/#primaryimage\"},\"datePublished\":\"2020-11-06T08:33:22+00:00\",\"dateModified\":\"2021-02-26T17:41:42+00:00\",\"breadcrumb\":{\"@id\":\"https:\/\/mm-technicsolutions.de\/#breadcrumb\"},\"inLanguage\":\"de-DE\",\"potentialAction\":[{\"@type\":\"ReadAction\",\"target\":[\"https:\/\/mm-technicsolutions.de\/\"]}]},{\"@type\":\"BreadcrumbList\",\"@id\":\"https:\/\/mm-technicsolutions.de\/#breadcrumb\",\"itemListElement\":[{\"@type\":\"ListItem\",\"position\":1,\"item\":{\"@type\":\"WebPage\",\"@id\":\"https:\/\/mm-technicsolutions.de\/\",\"url\":\"https:\/\/mm-technicsolutions.de\/\",\"name\":\"Startseite\"}},{\"@type\":\"ListItem\",\"position\":2,\"item\":{\"@type\":\"WebPage\",\"@id\":\"https:\/\/mm-technicsolutions.de\/\",\"url\":\"https:\/\/mm-technicsolutions.de\/\",\"name\":\"Home\"}}]}]}<\/script>\n<!-- \/ Yoast SEO plugin. -->","_links":{"self":[{"href":"https:\/\/mm-technicsolutions.de\/index.php?rest_route=\/wp\/v2\/pages\/54"}],"collection":[{"href":"https:\/\/mm-technicsolutions.de\/index.php?rest_route=\/wp\/v2\/pages"}],"about":[{"href":"https:\/\/mm-technicsolutions.de\/index.php?rest_route=\/wp\/v2\/types\/page"}],"author":[{"embeddable":true,"href":"https:\/\/mm-technicsolutions.de\/index.php?rest_route=\/wp\/v2\/users\/1"}],"replies":[{"embeddable":true,"href":"https:\/\/mm-technicsolutions.de\/index.php?rest_route=%2Fwp%2Fv2%2Fcomments&post=54"}],"version-history":[{"count":138,"href":"https:\/\/mm-technicsolutions.de\/index.php?rest_route=\/wp\/v2\/pages\/54\/revisions"}],"predecessor-version":[{"id":345,"href":"https:\/\/mm-technicsolutions.de\/index.php?rest_route=\/wp\/v2\/pages\/54\/revisions\/345"}],"wp:attachment":[{"href":"https:\/\/mm-technicsolutions.de\/index.php?rest_route=%2Fwp%2Fv2%2Fmedia&parent=54"}],"curies":[{"name":"wp","href":"https:\/\/api.w.org\/{rel}","templated":true}]}}