{"id":41,"date":"2020-11-06T07:38:33","date_gmt":"2020-11-06T07:38:33","guid":{"rendered":"https:\/\/mm-technicsolutions.de\/?page_id=41"},"modified":"2021-02-24T18:18:45","modified_gmt":"2021-02-24T18:18:45","slug":"about-us","status":"publish","type":"page","link":"https:\/\/mm-technicsolutions.de\/?page_id=41","title":{"rendered":"\u00dcber uns"},"content":{"rendered":"\n<div class=\"wp-block-columns\">\n<div class=\"wp-block-column\" style=\"flex-basis:66.66%\">\n<div id=\"section-g355b19\" class=\"wp-block-gutentor-e1 section-g355b19 gutentor-element gutentor-element-advanced-text\"><div class=\"gutentor-text-wrap\"><h3 class=\"gutentor-text\">Ihr Experte f\u00fcr Elektrotechnik<\/h3><\/div><\/div>\n\n\n\n<div id=\"section-gd75775\" class=\"wp-block-gutentor-e1 section-gd75775 gutentor-element gutentor-element-advanced-text enable-title-design\"><div class=\"gutentor-text-wrap divider-top\"><div class=\"gutentor-separator gutentor-separator-before\"><span><\/span><\/div><div class=\"gutentor-text\">MM technic solutions ist ein dynamisches und zukunftsorientiertes Unternehmen f\u00fcr Elektrotechnik.<br><br>Seit unserer Firmengr\u00fcndung ist es unser Ziel, unsere Kunden zu begeistern und ihnen innovative elektrotechnische L\u00f6sungen anzubieten. Innovation \u2013 ein Stichwort das gerade in der Elektrotechnik und somit f\u00fcr uns in den letzten Jahren immer bedeutender geworden ist.<br><br>Mit \u00fcber 15 Jahren Berufserfahrung freuen wir uns auf Ihre Anfrage und die damit verbundene Herausforderung.<br><br>Wir unterst\u00fctzen Ihr Projekt umfassend im Bereich der Elektrotechnik und begleiten Sie von der Planungsphase bis hin zur erfolgreichen Fertigstellung Ihres Projekts! Dar\u00fcber hinaus sind wir selbstverst\u00e4ndlich auch nach Abschluss Ihres Projekts weiterhin gerne Ihr Ansprechpartner.<br><br>Wir sehen es als unsere Pflicht, unseren Kunden fortw\u00e4hrend zeitgem\u00e4\u00dfe L\u00f6sungen sowie entsprechende Produkte pr\u00e4sentieren zu k\u00f6nnen. Aus diesem Grund entwickeln wir uns kontinuierlich weiter.<br><br>Technik begeistert uns \u2013 und wir m\u00f6chten Sie damit begeistern! Technic Solutions &#8211; unser Name ist Programm!<\/div><\/div><\/div>\n\n\n\n<section id=\"section-24fd5546-f7f3-4272-821a-d1a968be6ba3\" class=\"wp-block-gutentor-divider section-24fd5546-f7f3-4272-821a-d1a968be6ba3 gutentor-element gutentor-section gutentor-divider text-center\"><div class=\"grid-container\"><div class=\"gutentor-divider-box\"><span><svg xmlns=\"http:\/\/www.w3.org\/2000\/svg\" viewBox=\"0 0 240 40\" preserveAspectRatio=\"none\"><path d=\"M56.2 20c5.3-.1 10.6-.2 16-.3l16-.2c10.6-.1 21.3-.1 31.9-.2 10.6.1 21.3 0 31.9.1l16 .2c5.3.1 10.6.2 16 .3-5.3.1-10.6.2-16 .3l-16 .2c-10.6.1-21.3.1-31.9.1-10.6-.1-21.3 0-31.9-.2l-16-.2c-5.4.1-10.7 0-16-.1z\"><\/path><\/svg><\/span><\/div><\/div><\/section>\n\n\n\n<div id=\"section-gee661c\" class=\"wp-block-gutentor-e0 section-gee661c gutentor-element gutentor-element-advanced-text text-align-center-desktop\"><div class=\"gutentor-text-wrap\"><p class=\"gutentor-text\"><strong>&#8222;<em>Erfolg besteht darin, dass man genau die F\u00e4higkeiten hat, die im Moment gefragt sind<\/em>.&#8220;<br><\/strong>Henry Ford<\/p><\/div><\/div>\n<\/div>\n\n\n\n<div class=\"wp-block-column\" style=\"flex-basis:33.33%\"><\/div>\n<\/div>\n\n\n\n<div class=\"wp-block-group\"><div class=\"wp-block-group__inner-container\">\n<hr class=\"wp-block-separator is-style-dots\"\/>\n<\/div><\/div>\n\n\n\n<p><\/p>\n","protected":false},"excerpt":{"rendered":"","protected":false},"author":1,"featured_media":0,"parent":0,"menu_order":0,"comment_status":"closed","ping_status":"closed","template":"","meta":[],"yoast_head":"<!-- This site is optimized with the Yoast SEO plugin v15.8 - https:\/\/yoast.com\/wordpress\/plugins\/seo\/ -->\n<title>\u00dcber uns - MM Technic Solutions<\/title>\n<meta name=\"robots\" content=\"index, follow, max-snippet:-1, max-image-preview:large, max-video-preview:-1\" \/>\n<link rel=\"canonical\" href=\"https:\/\/mm-technicsolutions.de\/?page_id=41\" \/>\n<meta property=\"og:locale\" content=\"de_DE\" \/>\n<meta property=\"og:type\" content=\"article\" \/>\n<meta property=\"og:title\" content=\"\u00dcber uns - MM Technic Solutions\" \/>\n<meta property=\"og:url\" content=\"https:\/\/mm-technicsolutions.de\/?page_id=41\" \/>\n<meta property=\"og:site_name\" content=\"MM Technic Solutions\" \/>\n<meta property=\"article:modified_time\" content=\"2021-02-24T18:18:45+00:00\" \/>\n<meta name=\"twitter:card\" content=\"summary_large_image\" \/>\n<meta name=\"twitter:label1\" content=\"Gesch\u00e4tzte Lesezeit\">\n\t<meta name=\"twitter:data1\" content=\"1 Minute\">\n<script type=\"application\/ld+json\" class=\"yoast-schema-graph\">{\"@context\":\"https:\/\/schema.org\",\"@graph\":[{\"@type\":\"Organization\",\"@id\":\"https:\/\/mm-technicsolutions.de\/#organization\",\"name\":\"MM Technic Solutions\",\"url\":\"https:\/\/mm-technicsolutions.de\/\",\"sameAs\":[],\"logo\":{\"@type\":\"ImageObject\",\"@id\":\"https:\/\/mm-technicsolutions.de\/#logo\",\"inLanguage\":\"de-DE\",\"url\":\"https:\/\/mm-technicsolutions.de\/wp-content\/uploads\/2020\/11\/MM-technic-solution-scaled.jpg\",\"width\":2560,\"height\":1730,\"caption\":\"MM Technic Solutions\"},\"image\":{\"@id\":\"https:\/\/mm-technicsolutions.de\/#logo\"}},{\"@type\":\"WebSite\",\"@id\":\"https:\/\/mm-technicsolutions.de\/#website\",\"url\":\"https:\/\/mm-technicsolutions.de\/\",\"name\":\"MM Technic Solutions\",\"description\":\"Beratung I Planung I Ausf\\u00fchrung\",\"publisher\":{\"@id\":\"https:\/\/mm-technicsolutions.de\/#organization\"},\"potentialAction\":[{\"@type\":\"SearchAction\",\"target\":\"https:\/\/mm-technicsolutions.de\/?s={search_term_string}\",\"query-input\":\"required name=search_term_string\"}],\"inLanguage\":\"de-DE\"},{\"@type\":\"WebPage\",\"@id\":\"https:\/\/mm-technicsolutions.de\/?page_id=41#webpage\",\"url\":\"https:\/\/mm-technicsolutions.de\/?page_id=41\",\"name\":\"\\u00dcber uns - MM Technic Solutions\",\"isPartOf\":{\"@id\":\"https:\/\/mm-technicsolutions.de\/#website\"},\"datePublished\":\"2020-11-06T07:38:33+00:00\",\"dateModified\":\"2021-02-24T18:18:45+00:00\",\"breadcrumb\":{\"@id\":\"https:\/\/mm-technicsolutions.de\/?page_id=41#breadcrumb\"},\"inLanguage\":\"de-DE\",\"potentialAction\":[{\"@type\":\"ReadAction\",\"target\":[\"https:\/\/mm-technicsolutions.de\/?page_id=41\"]}]},{\"@type\":\"BreadcrumbList\",\"@id\":\"https:\/\/mm-technicsolutions.de\/?page_id=41#breadcrumb\",\"itemListElement\":[{\"@type\":\"ListItem\",\"position\":1,\"item\":{\"@type\":\"WebPage\",\"@id\":\"https:\/\/mm-technicsolutions.de\/\",\"url\":\"https:\/\/mm-technicsolutions.de\/\",\"name\":\"Startseite\"}},{\"@type\":\"ListItem\",\"position\":2,\"item\":{\"@type\":\"WebPage\",\"@id\":\"https:\/\/mm-technicsolutions.de\/?page_id=41\",\"url\":\"https:\/\/mm-technicsolutions.de\/?page_id=41\",\"name\":\"\\u00dcber uns\"}}]}]}<\/script>\n<!-- \/ Yoast SEO plugin. -->","_links":{"self":[{"href":"https:\/\/mm-technicsolutions.de\/index.php?rest_route=\/wp\/v2\/pages\/41"}],"collection":[{"href":"https:\/\/mm-technicsolutions.de\/index.php?rest_route=\/wp\/v2\/pages"}],"about":[{"href":"https:\/\/mm-technicsolutions.de\/index.php?rest_route=\/wp\/v2\/types\/page"}],"author":[{"embeddable":true,"href":"https:\/\/mm-technicsolutions.de\/index.php?rest_route=\/wp\/v2\/users\/1"}],"replies":[{"embeddable":true,"href":"https:\/\/mm-technicsolutions.de\/index.php?rest_route=%2Fwp%2Fv2%2Fcomments&post=41"}],"version-history":[{"count":35,"href":"https:\/\/mm-technicsolutions.de\/index.php?rest_route=\/wp\/v2\/pages\/41\/revisions"}],"predecessor-version":[{"id":344,"href":"https:\/\/mm-technicsolutions.de\/index.php?rest_route=\/wp\/v2\/pages\/41\/revisions\/344"}],"wp:attachment":[{"href":"https:\/\/mm-technicsolutions.de\/index.php?rest_route=%2Fwp%2Fv2%2Fmedia&parent=41"}],"curies":[{"name":"wp","href":"https:\/\/api.w.org\/{rel}","templated":true}]}}