{"id":127,"date":"2020-11-19T11:18:36","date_gmt":"2020-11-19T11:18:36","guid":{"rendered":"https:\/\/mm-technicsolutions.de\/?page_id=127"},"modified":"2021-02-24T13:43:08","modified_gmt":"2021-02-24T13:43:08","slug":"impressum","status":"publish","type":"page","link":"https:\/\/mm-technicsolutions.de\/?page_id=127","title":{"rendered":"Impressum"},"content":{"rendered":"\n<div id=\"section-g7b9e4a\" class=\"wp-block-gutentor-e0 section-g7b9e4a gutentor-element gutentor-element-advanced-text\"><div class=\"gutentor-text-wrap\"><p class=\"gutentor-text\">Angaben gem\u00e4\u00df \u00a7 5 TGM<br>\u00a0<br>Vertreten durch<br>MM technic solutions<br>Michael Merk<br>Olympiastra\u00dfe 3A<br>82319 Starnberg<br>\u00a0<br>Kontakt<br><a href=\"mailto:info@mm-technicsolutions.de\">info@mm-technicsolutions.de<\/a><br>Tel:. 08151| 970 9100<br>\u00a0<br>Umsatzsteuer ID gem\u00e4\u00df \u00a7 27 a Umsatzsteuergesetz<br>Ust-ID: DE 325 49 5107<br>\u00a0<br><strong>Urheberrecht:<\/strong><br>Die durch die Seitenbetreiber erstellten Inhalte und Werke auf diesen Seiten unterliegen dem deutschen Urheberrecht. Die Vervielf\u00e4ltigung, Bearbeitung, Verbreitung und jede Art der Verwertung au\u00dferhalb der Grenzen des Urheberrechtes bed\u00fcrfen der schriftlichen Zustimmung des jeweiligen Autors bzw. Erstellers. Downloads und Kopien dieser Seite sind nur f\u00fcr den privaten, nicht kommerziellen Gebrauch gestattet.<br>Soweit die Inhalte auf dieser Seite nicht vom Betreiber erstellt wurden, werden die Urheberrechte Dritter beachtet. Insbesondere werden Inhalte Dritter als solche gekennzeichnet. Sollten Sie trotzdem auf eine Urheberrechtsverletzung aufmerksam werden, bitten wir um einen entsprechenden Hinweis. Bei Bekanntwerden von Rechtsverletzungen werden wir derartige Inhalte umgehend entfernen.<br><br><strong>Haftung f\u00fcr Inhalte<\/strong><br>Als Diensteanbieter sind wir gem\u00e4\u00df \u00a7 7 Abs.1 TMG f\u00fcr eigene Inhalte auf diesen Seiten nach den allgemeinen Gesetzen verantwortlich. Nach \u00a7\u00a7 8 bis 10 TMG sind wir als Diensteanbieter jedoch nicht verpflichtet, \u00fcbermittelte oder gespeicherte fremde Informationen zu \u00fcberwachen oder nach Umst\u00e4nden zu forschen, die auf eine rechtswidrige T\u00e4tigkeit hinweisen.<br>Verpflichtungen zur Entfernung oder Sperrung der Nutzung von Informationen nach den allgemeinen Gesetzen bleiben hiervon unber\u00fchrt. Eine diesbez\u00fcgliche Haftung ist jedoch erst ab dem Zeitpunkt der Kenntnis einer konkreten Rechtsverletzung m\u00f6glich. Bei Bekanntwerden von entsprechenden Rechtsverletzungen werden wir diese Inhalte umgehend entfernen.<br><\/p><\/div><\/div>\n","protected":false},"excerpt":{"rendered":"","protected":false},"author":1,"featured_media":0,"parent":54,"menu_order":0,"comment_status":"closed","ping_status":"closed","template":"","meta":[],"yoast_head":"<!-- This site is optimized with the Yoast SEO plugin v15.8 - https:\/\/yoast.com\/wordpress\/plugins\/seo\/ -->\n<title>Impressum - MM Technic Solutions<\/title>\n<meta name=\"robots\" content=\"index, follow, max-snippet:-1, max-image-preview:large, max-video-preview:-1\" \/>\n<link rel=\"canonical\" href=\"https:\/\/mm-technicsolutions.de\/?page_id=127\" \/>\n<meta property=\"og:locale\" content=\"de_DE\" \/>\n<meta property=\"og:type\" content=\"article\" \/>\n<meta property=\"og:title\" content=\"Impressum - MM Technic Solutions\" \/>\n<meta property=\"og:url\" content=\"https:\/\/mm-technicsolutions.de\/?page_id=127\" \/>\n<meta property=\"og:site_name\" content=\"MM Technic Solutions\" \/>\n<meta property=\"article:modified_time\" content=\"2021-02-24T13:43:08+00:00\" \/>\n<meta name=\"twitter:card\" content=\"summary_large_image\" \/>\n<meta name=\"twitter:label1\" content=\"Gesch\u00e4tzte Lesezeit\">\n\t<meta name=\"twitter:data1\" content=\"2 Minuten\">\n<script type=\"application\/ld+json\" class=\"yoast-schema-graph\">{\"@context\":\"https:\/\/schema.org\",\"@graph\":[{\"@type\":\"Organization\",\"@id\":\"https:\/\/mm-technicsolutions.de\/#organization\",\"name\":\"MM Technic Solutions\",\"url\":\"https:\/\/mm-technicsolutions.de\/\",\"sameAs\":[],\"logo\":{\"@type\":\"ImageObject\",\"@id\":\"https:\/\/mm-technicsolutions.de\/#logo\",\"inLanguage\":\"de-DE\",\"url\":\"https:\/\/mm-technicsolutions.de\/wp-content\/uploads\/2020\/11\/MM-technic-solution-scaled.jpg\",\"width\":2560,\"height\":1730,\"caption\":\"MM Technic Solutions\"},\"image\":{\"@id\":\"https:\/\/mm-technicsolutions.de\/#logo\"}},{\"@type\":\"WebSite\",\"@id\":\"https:\/\/mm-technicsolutions.de\/#website\",\"url\":\"https:\/\/mm-technicsolutions.de\/\",\"name\":\"MM Technic Solutions\",\"description\":\"Beratung I Planung I Ausf\\u00fchrung\",\"publisher\":{\"@id\":\"https:\/\/mm-technicsolutions.de\/#organization\"},\"potentialAction\":[{\"@type\":\"SearchAction\",\"target\":\"https:\/\/mm-technicsolutions.de\/?s={search_term_string}\",\"query-input\":\"required name=search_term_string\"}],\"inLanguage\":\"de-DE\"},{\"@type\":\"WebPage\",\"@id\":\"https:\/\/mm-technicsolutions.de\/?page_id=127#webpage\",\"url\":\"https:\/\/mm-technicsolutions.de\/?page_id=127\",\"name\":\"Impressum - MM Technic Solutions\",\"isPartOf\":{\"@id\":\"https:\/\/mm-technicsolutions.de\/#website\"},\"datePublished\":\"2020-11-19T11:18:36+00:00\",\"dateModified\":\"2021-02-24T13:43:08+00:00\",\"breadcrumb\":{\"@id\":\"https:\/\/mm-technicsolutions.de\/?page_id=127#breadcrumb\"},\"inLanguage\":\"de-DE\",\"potentialAction\":[{\"@type\":\"ReadAction\",\"target\":[\"https:\/\/mm-technicsolutions.de\/?page_id=127\"]}]},{\"@type\":\"BreadcrumbList\",\"@id\":\"https:\/\/mm-technicsolutions.de\/?page_id=127#breadcrumb\",\"itemListElement\":[{\"@type\":\"ListItem\",\"position\":1,\"item\":{\"@type\":\"WebPage\",\"@id\":\"https:\/\/mm-technicsolutions.de\/\",\"url\":\"https:\/\/mm-technicsolutions.de\/\",\"name\":\"Startseite\"}},{\"@type\":\"ListItem\",\"position\":2,\"item\":{\"@type\":\"WebPage\",\"@id\":\"https:\/\/mm-technicsolutions.de\/\",\"url\":\"https:\/\/mm-technicsolutions.de\/\",\"name\":\"Home\"}},{\"@type\":\"ListItem\",\"position\":3,\"item\":{\"@type\":\"WebPage\",\"@id\":\"https:\/\/mm-technicsolutions.de\/?page_id=127\",\"url\":\"https:\/\/mm-technicsolutions.de\/?page_id=127\",\"name\":\"Impressum\"}}]}]}<\/script>\n<!-- \/ Yoast SEO plugin. -->","_links":{"self":[{"href":"https:\/\/mm-technicsolutions.de\/index.php?rest_route=\/wp\/v2\/pages\/127"}],"collection":[{"href":"https:\/\/mm-technicsolutions.de\/index.php?rest_route=\/wp\/v2\/pages"}],"about":[{"href":"https:\/\/mm-technicsolutions.de\/index.php?rest_route=\/wp\/v2\/types\/page"}],"author":[{"embeddable":true,"href":"https:\/\/mm-technicsolutions.de\/index.php?rest_route=\/wp\/v2\/users\/1"}],"replies":[{"embeddable":true,"href":"https:\/\/mm-technicsolutions.de\/index.php?rest_route=%2Fwp%2Fv2%2Fcomments&post=127"}],"version-history":[{"count":6,"href":"https:\/\/mm-technicsolutions.de\/index.php?rest_route=\/wp\/v2\/pages\/127\/revisions"}],"predecessor-version":[{"id":331,"href":"https:\/\/mm-technicsolutions.de\/index.php?rest_route=\/wp\/v2\/pages\/127\/revisions\/331"}],"up":[{"embeddable":true,"href":"https:\/\/mm-technicsolutions.de\/index.php?rest_route=\/wp\/v2\/pages\/54"}],"wp:attachment":[{"href":"https:\/\/mm-technicsolutions.de\/index.php?rest_route=%2Fwp%2Fv2%2Fmedia&parent=127"}],"curies":[{"name":"wp","href":"https:\/\/api.w.org\/{rel}","templated":true}]}}